{"id":19045,"date":"2021-09-07T17:15:55","date_gmt":"2021-09-07T21:15:55","guid":{"rendered":"http:\/\/kciphilanthropy.flywheelsites.com\/idea\/"},"modified":"2024-03-19T15:43:19","modified_gmt":"2024-03-19T19:43:19","slug":"idea","status":"publish","type":"page","link":"https:\/\/kciphilanthropy.com\/fr\/idea\/","title":{"rendered":"IDEA"},"content":{"rendered":"<p>[et_pb_section fb_built=\u00a0\u00bb1&Prime; _builder_version=\u00a0\u00bb4.16&Prime; background_color=\u00a0\u00bb#e56a54&Prime; background_image=\u00a0\u00bbhttps:\/\/kciphilanthropy.com\/wp-content\/uploads\/2018\/10\/inside-page-lines.png\u00a0\u00bb background_size=\u00a0\u00bbinitial\u00a0\u00bb background_repeat=\u00a0\u00bbrepeat-x\u00a0\u00bb custom_margin=\u00a0\u00bb0px||0px|\u00a0\u00bb custom_padding=\u00a0\u00bb50px||0px|\u00a0\u00bb global_colors_info=\u00a0\u00bb{}\u00a0\u00bb][et_pb_row column_structure=\u00a0\u00bb1_2,1_2&Prime; _builder_version=\u00a0\u00bb4.16&Prime; max_width=\u00a0\u00bb1210px\u00a0\u00bb custom_margin=\u00a0\u00bb0px||0px|\u00a0\u00bb custom_padding=\u00a0\u00bb0px||0px|\u00a0\u00bb use_custom_width=\u00a0\u00bbon\u00a0\u00bb custom_width_px=\u00a0\u00bb1210px\u00a0\u00bb global_colors_info=\u00a0\u00bb{}\u00a0\u00bb][et_pb_column type=\u00a0\u00bb1_2&Prime; _builder_version=\u00a0\u00bb4.16&Prime; background_color=\u00a0\u00bb#ffffff\u00a0\u00bb custom_padding=\u00a0\u00bb20px|||50px\u00a0\u00bb global_colors_info=\u00a0\u00bb{}\u00a0\u00bb custom_padding__hover=\u00a0\u00bb|||\u00a0\u00bb][et_pb_text admin_label=\u00a0\u00bbIDEA\u00a0\u00bb _builder_version=\u00a0\u00bb4.16&Prime; global_colors_info=\u00a0\u00bb{}\u00a0\u00bb]<\/p>\n<h1>IDEA@KCI<\/h1>\n<p>[\/et_pb_text][\/et_pb_column][et_pb_column type=\u00a0\u00bb1_2&Prime; _builder_version=\u00a0\u00bb4.16&Prime; custom_padding=\u00a0\u00bb|||\u00a0\u00bb global_colors_info=\u00a0\u00bb{}\u00a0\u00bb custom_padding__hover=\u00a0\u00bb|||\u00a0\u00bb][\/et_pb_column][\/et_pb_row][\/et_pb_section][et_pb_section fb_built=\u00a0\u00bb1&Prime; _builder_version=\u00a0\u00bb4.16&Prime; _module_preset=\u00a0\u00bbdefault\u00a0\u00bb global_colors_info=\u00a0\u00bb{}\u00a0\u00bb][et_pb_row column_structure=\u00a0\u00bb2_3,1_3&Prime; _builder_version=\u00a0\u00bb4.16&Prime; _module_preset=\u00a0\u00bbdefault\u00a0\u00bb global_colors_info=\u00a0\u00bb{}\u00a0\u00bb][et_pb_column type=\u00a0\u00bb2_3&Prime; _builder_version=\u00a0\u00bb4.16&Prime; _module_preset=\u00a0\u00bbdefault\u00a0\u00bb global_colors_info=\u00a0\u00bb{}\u00a0\u00bb][et_pb_text _builder_version=\u00a0\u00bb4.16&Prime; _module_preset=\u00a0\u00bbdefault\u00a0\u00bb global_colors_info=\u00a0\u00bb{}\u00a0\u00bb]<\/p>\n<h3>Inclusion, diversit\u00e9, \u00e9quit\u00e9, acc\u00e8s (IDEA) chez KCI <span style=\"color: #e56a54;\">\/<\/span><\/h3>\n<p>[\/et_pb_text][et_pb_text _builder_version=\u00a0\u00bb4.20.2&Prime; _module_preset=\u00a0\u00bbdefault\u00a0\u00bb global_colors_info=\u00a0\u00bb{}\u00a0\u00bb]<\/p>\n<p>En tant que firme, KCI s\u2019engage fermement \u00e0 l\u2019\u00e9quit\u00e9 et \u00e0 l\u2019inclusion. Nous sommes fiers que notre personnel repr\u00e9sente plusieurs dimensions de la diversit\u00e9, y compris le sexe, la race, l\u2019orientation sexuelle, l\u2019\u00e2ge, l\u2019\u00e9ducation, les capacit\u00e9s physiques et la langue.<\/p>\n<p>Nous avons voulu renforcer la diversit\u00e9 de notre propre \u00e9quipe afin de b\u00e9n\u00e9ficier d\u2019une vari\u00e9t\u00e9 de perspectives et d\u2019exp\u00e9riences. 80 % de l&rsquo;\u00e9quipe de direction de KCI est compos\u00e9e de femmes, et beaucoup de personnel national de KCI s&rsquo;identifie comme racialis\u00e9.<\/p>\n<p>L\u2019une des valeurs fondamentales de notre firme est une \u00ab ouverture aux id\u00e9es nouvelles \u00bb et, \u00e0 cette fin, un engagement continu envers l\u2019apprentissage personnel et professionnel est essentiel. Le personnel de KCI a b\u00e9n\u00e9fici\u00e9 d\u2019une exploration, d\u2019un dialogue et d\u2019une formation proactifs et continus en mati\u00e8re de diversit\u00e9, d\u2019\u00e9quit\u00e9, d\u2019inclusion, d\u2019accessibilit\u00e9 et de r\u00e9conciliation. La firme s\u2019est engag\u00e9e collectivement \u00e0 continuer de faire cro\u00eetre son \u00e9quipe et sa culture gr\u00e2ce \u00e0 de solides principes d\u2019inclusion, de diversit\u00e9, d\u2019\u00e9quit\u00e9 et d\u2019acc\u00e8s.<\/p>\n<p>Notre groupe de travail sur l\u2019inclusion, la diversit\u00e9, l\u2019\u00e9quit\u00e9 et l\u2019acc\u00e8s (IDEA) dirige la mise en \u0153uvre d\u2019un plan d\u2019apprentissage organisationnel pour tout le personnel afin de renforcer leurs comp\u00e9tences et d\u2019\u00e9liminer les pr\u00e9jug\u00e9s inconscients. Dans le cadre de ce plan, tout le personnel de KCI a r\u00e9cemment suivi un cours de sensibilisation \u00e0 la culture autochtone offert par l\u2019Indigenous Leadership Development Institute. De plus, notre \u00e9quipe Recrutement + Talent de KCI a d\u00e9velopp\u00e9 un cadre intitul\u00e9 \u00ab R\u00e9duire les biais de recrutement \u00bb qui oriente \u00e0 la fois notre approche visant \u00e0 assurer des recherches \u00e9quitables et inclusives pour nos clients et nos propres efforts de recrutement \u00e0 KCI. Enfin, plusieurs de nos partenaires et collaborateurs sont activement impliqu\u00e9s dans le travail d\u2019IDEA aux niveaux national et international de l\u2019AFP.<\/p>\n<p>[\/et_pb_text][et_pb_text admin_label=\u00a0\u00bbHeading\u00a0\u00bb _builder_version=\u00a0\u00bb4.16&Prime; _module_preset=\u00a0\u00bbdefault\u00a0\u00bb global_colors_info=\u00a0\u00bb{}\u00a0\u00bb]<\/p>\n<h3>IDEA@KCI Ressources suppl\u00e9mentaire <span style=\"color: #e56a54;\">\/<\/span><\/h3>\n<p>[\/et_pb_text][et_pb_text admin_label=\u00a0\u00bbTexte\u00a0\u00bb _builder_version=\u00a0\u00bb4.16&Prime; _module_preset=\u00a0\u00bbdefault\u00a0\u00bb hover_enabled=\u00a0\u00bb0&Prime; global_colors_info=\u00a0\u00bb{}\u00a0\u00bb sticky_enabled=\u00a0\u00bb0&Prime;]<\/p>\n<p><a href=\"https:\/\/kciphilanthropy.com\/fr\/pour-our-un-processus-dembauche-plus-inclusif-et-equitable\/\" rel=\"noopener\"><span style=\"color: #2ea3f2;\">ARTICLE:<\/span> Pour Our Un Processus D\u2019Embauche Plus Inclusif Et \u00c9quitable<\/a><\/p>\n<p><a href=\"https:\/\/kciphilanthropy.com\/wp-content\/uploads\/2021\/08\/AIDE-MEMOIRE-Embauche-inclusive-et-equitable-1.pdf\" target=\"_blank\" rel=\"noopener\"><span style=\"color: #2ea3f2;\">AIDE-M\u00c9MOIRE:<\/span> Embauche inclusive et \u00e9quitable<\/a><\/p>\n<p><a href=\"https:\/\/kciphilanthropy.com\/wp-content\/uploads\/2020\/07\/KCI-%E2%80%93-R%C3%A9duire-les-biais-de-recrutement-%E2%80%93-juillet-2020-1-1.pdf\" target=\"_blank\" rel=\"noopener\"><span style=\"color: #2ea3f2;\">REPORT:<\/span> R\u00e9duire les biais de recrutement<\/a><\/p>\n<p>[\/et_pb_text][\/et_pb_column][et_pb_column type=\u00a0\u00bb1_3&Prime; _builder_version=\u00a0\u00bb4.16&Prime; _module_preset=\u00a0\u00bbdefault\u00a0\u00bb global_colors_info=\u00a0\u00bb{}\u00a0\u00bb][\/et_pb_column][\/et_pb_row][\/et_pb_section]<\/p>\n","protected":false},"excerpt":{"rendered":"<p>IDEA@KCIInclusion, diversit\u00e9, \u00e9quit\u00e9, acc\u00e8s (IDEA) chez KCI \/En tant que firme, KCI s\u2019engage fermement \u00e0 [&hellip;]<\/p>\n","protected":false},"author":1,"featured_media":0,"parent":0,"menu_order":0,"comment_status":"closed","ping_status":"closed","template":"","meta":{"_et_pb_use_builder":"on","_et_pb_old_content":"","_et_gb_content_width":"","_relevanssi_hide_post":"","_relevanssi_hide_content":"","_relevanssi_pin_for_all":"","_relevanssi_pin_keywords":"","_relevanssi_unpin_keywords":"","_relevanssi_related_keywords":"","_relevanssi_related_include_ids":"","_relevanssi_related_exclude_ids":"","_relevanssi_related_no_append":"","_relevanssi_related_not_related":"","_relevanssi_related_posts":"","_relevanssi_noindex_reason":"","_exactmetrics_skip_tracking":false,"_exactmetrics_sitenote_active":false,"_exactmetrics_sitenote_note":"","_exactmetrics_sitenote_category":0,"footnotes":""},"class_list":["post-19045","page","type-page","status-publish","hentry"],"yoast_head":"<!-- This site is optimized with the Yoast SEO plugin v27.4 - https:\/\/yoast.com\/product\/yoast-seo-wordpress\/ -->\n<title>IDEA \/ KCI Ketchum Canada Forward Thinking<\/title>\n<meta name=\"robots\" content=\"index, follow, max-snippet:-1, max-image-preview:large, max-video-preview:-1\" \/>\n<link rel=\"canonical\" href=\"https:\/\/kciphilanthropy.com\/fr\/idea\/\" \/>\n<meta property=\"og:locale\" content=\"fr_FR\" \/>\n<meta property=\"og:type\" content=\"article\" \/>\n<meta property=\"og:title\" content=\"IDEA \/ KCI Ketchum Canada Forward Thinking\" \/>\n<meta property=\"og:description\" content=\"IDEA@KCIInclusion, diversit\u00e9, \u00e9quit\u00e9, acc\u00e8s (IDEA) chez KCI \/En tant que firme, KCI s\u2019engage fermement \u00e0 [&hellip;]\" \/>\n<meta property=\"og:url\" content=\"https:\/\/kciphilanthropy.com\/fr\/idea\/\" \/>\n<meta property=\"og:site_name\" content=\"KCI Ketchum Canada Forward Thinking\" \/>\n<meta property=\"article:modified_time\" content=\"2024-03-19T19:43:19+00:00\" \/>\n<meta property=\"og:image\" content=\"https:\/\/kciphilanthropy.com\/wp-content\/uploads\/2018\/11\/KCI_Grey_Green_Pos-social.jpg\" \/>\n\t<meta property=\"og:image:width\" content=\"800\" \/>\n\t<meta property=\"og:image:height\" content=\"418\" \/>\n\t<meta property=\"og:image:type\" content=\"image\/jpeg\" \/>\n<meta name=\"twitter:card\" content=\"summary_large_image\" \/>\n<meta name=\"twitter:site\" content=\"@kciphilanthropy\" \/>\n<script type=\"application\/ld+json\" class=\"yoast-schema-graph\">{\"@context\":\"https:\\\/\\\/schema.org\",\"@graph\":[{\"@type\":\"WebPage\",\"@id\":\"https:\\\/\\\/kciphilanthropy.com\\\/fr\\\/idea\\\/\",\"url\":\"https:\\\/\\\/kciphilanthropy.com\\\/fr\\\/idea\\\/\",\"name\":\"IDEA \\\/ KCI Ketchum Canada Forward Thinking\",\"isPartOf\":{\"@id\":\"https:\\\/\\\/kciphilanthropy.com\\\/#website\"},\"datePublished\":\"2021-09-07T21:15:55+00:00\",\"dateModified\":\"2024-03-19T19:43:19+00:00\",\"breadcrumb\":{\"@id\":\"https:\\\/\\\/kciphilanthropy.com\\\/fr\\\/idea\\\/#breadcrumb\"},\"inLanguage\":\"fr-FR\",\"potentialAction\":[{\"@type\":\"ReadAction\",\"target\":[\"https:\\\/\\\/kciphilanthropy.com\\\/fr\\\/idea\\\/\"]}]},{\"@type\":\"BreadcrumbList\",\"@id\":\"https:\\\/\\\/kciphilanthropy.com\\\/fr\\\/idea\\\/#breadcrumb\",\"itemListElement\":[{\"@type\":\"ListItem\",\"position\":1,\"name\":\"Home\",\"item\":\"https:\\\/\\\/kciphilanthropy.com\\\/fr\\\/\"},{\"@type\":\"ListItem\",\"position\":2,\"name\":\"IDEA\"}]},{\"@type\":\"WebSite\",\"@id\":\"https:\\\/\\\/kciphilanthropy.com\\\/#website\",\"url\":\"https:\\\/\\\/kciphilanthropy.com\\\/\",\"name\":\"KCI Ketchum Canada Forward Thinking\",\"description\":\"What&#039;s Next\",\"publisher\":{\"@id\":\"https:\\\/\\\/kciphilanthropy.com\\\/#organization\"},\"potentialAction\":[{\"@type\":\"SearchAction\",\"target\":{\"@type\":\"EntryPoint\",\"urlTemplate\":\"https:\\\/\\\/kciphilanthropy.com\\\/?s={search_term_string}\"},\"query-input\":{\"@type\":\"PropertyValueSpecification\",\"valueRequired\":true,\"valueName\":\"search_term_string\"}}],\"inLanguage\":\"fr-FR\"},{\"@type\":\"Organization\",\"@id\":\"https:\\\/\\\/kciphilanthropy.com\\\/#organization\",\"name\":\"KCI What\u2019s Next.\",\"url\":\"https:\\\/\\\/kciphilanthropy.com\\\/\",\"logo\":{\"@type\":\"ImageObject\",\"inLanguage\":\"fr-FR\",\"@id\":\"https:\\\/\\\/kciphilanthropy.com\\\/#\\\/schema\\\/logo\\\/image\\\/\",\"url\":\"https:\\\/\\\/kciphilanthropy.com\\\/wp-content\\\/uploads\\\/2018\\\/10\\\/kci_logo.png\",\"contentUrl\":\"https:\\\/\\\/kciphilanthropy.com\\\/wp-content\\\/uploads\\\/2018\\\/10\\\/kci_logo.png\",\"width\":227,\"height\":41,\"caption\":\"KCI What\u2019s Next.\"},\"image\":{\"@id\":\"https:\\\/\\\/kciphilanthropy.com\\\/#\\\/schema\\\/logo\\\/image\\\/\"},\"sameAs\":[\"https:\\\/\\\/x.com\\\/kciphilanthropy\",\"https:\\\/\\\/www.linkedin.com\\\/company\\\/kci-ketchum-canada\\\/\"]}]}<\/script>\n<!-- \/ Yoast SEO plugin. -->","yoast_head_json":{"title":"IDEA \/ KCI Ketchum Canada Forward Thinking","robots":{"index":"index","follow":"follow","max-snippet":"max-snippet:-1","max-image-preview":"max-image-preview:large","max-video-preview":"max-video-preview:-1"},"canonical":"https:\/\/kciphilanthropy.com\/fr\/idea\/","og_locale":"fr_FR","og_type":"article","og_title":"IDEA \/ KCI Ketchum Canada Forward Thinking","og_description":"IDEA@KCIInclusion, diversit\u00e9, \u00e9quit\u00e9, acc\u00e8s (IDEA) chez KCI \/En tant que firme, KCI s\u2019engage fermement \u00e0 [&hellip;]","og_url":"https:\/\/kciphilanthropy.com\/fr\/idea\/","og_site_name":"KCI Ketchum Canada Forward Thinking","article_modified_time":"2024-03-19T19:43:19+00:00","og_image":[{"width":800,"height":418,"url":"https:\/\/kciphilanthropy.com\/wp-content\/uploads\/2018\/11\/KCI_Grey_Green_Pos-social.jpg","type":"image\/jpeg"}],"twitter_card":"summary_large_image","twitter_site":"@kciphilanthropy","schema":{"@context":"https:\/\/schema.org","@graph":[{"@type":"WebPage","@id":"https:\/\/kciphilanthropy.com\/fr\/idea\/","url":"https:\/\/kciphilanthropy.com\/fr\/idea\/","name":"IDEA \/ KCI Ketchum Canada Forward Thinking","isPartOf":{"@id":"https:\/\/kciphilanthropy.com\/#website"},"datePublished":"2021-09-07T21:15:55+00:00","dateModified":"2024-03-19T19:43:19+00:00","breadcrumb":{"@id":"https:\/\/kciphilanthropy.com\/fr\/idea\/#breadcrumb"},"inLanguage":"fr-FR","potentialAction":[{"@type":"ReadAction","target":["https:\/\/kciphilanthropy.com\/fr\/idea\/"]}]},{"@type":"BreadcrumbList","@id":"https:\/\/kciphilanthropy.com\/fr\/idea\/#breadcrumb","itemListElement":[{"@type":"ListItem","position":1,"name":"Home","item":"https:\/\/kciphilanthropy.com\/fr\/"},{"@type":"ListItem","position":2,"name":"IDEA"}]},{"@type":"WebSite","@id":"https:\/\/kciphilanthropy.com\/#website","url":"https:\/\/kciphilanthropy.com\/","name":"KCI Ketchum Canada Forward Thinking","description":"What&#039;s Next","publisher":{"@id":"https:\/\/kciphilanthropy.com\/#organization"},"potentialAction":[{"@type":"SearchAction","target":{"@type":"EntryPoint","urlTemplate":"https:\/\/kciphilanthropy.com\/?s={search_term_string}"},"query-input":{"@type":"PropertyValueSpecification","valueRequired":true,"valueName":"search_term_string"}}],"inLanguage":"fr-FR"},{"@type":"Organization","@id":"https:\/\/kciphilanthropy.com\/#organization","name":"KCI What\u2019s Next.","url":"https:\/\/kciphilanthropy.com\/","logo":{"@type":"ImageObject","inLanguage":"fr-FR","@id":"https:\/\/kciphilanthropy.com\/#\/schema\/logo\/image\/","url":"https:\/\/kciphilanthropy.com\/wp-content\/uploads\/2018\/10\/kci_logo.png","contentUrl":"https:\/\/kciphilanthropy.com\/wp-content\/uploads\/2018\/10\/kci_logo.png","width":227,"height":41,"caption":"KCI What\u2019s Next."},"image":{"@id":"https:\/\/kciphilanthropy.com\/#\/schema\/logo\/image\/"},"sameAs":["https:\/\/x.com\/kciphilanthropy","https:\/\/www.linkedin.com\/company\/kci-ketchum-canada\/"]}]}},"_links":{"self":[{"href":"https:\/\/kciphilanthropy.com\/fr\/wp-json\/wp\/v2\/pages\/19045","targetHints":{"allow":["GET"]}}],"collection":[{"href":"https:\/\/kciphilanthropy.com\/fr\/wp-json\/wp\/v2\/pages"}],"about":[{"href":"https:\/\/kciphilanthropy.com\/fr\/wp-json\/wp\/v2\/types\/page"}],"author":[{"embeddable":true,"href":"https:\/\/kciphilanthropy.com\/fr\/wp-json\/wp\/v2\/users\/1"}],"replies":[{"embeddable":true,"href":"https:\/\/kciphilanthropy.com\/fr\/wp-json\/wp\/v2\/comments?post=19045"}],"version-history":[{"count":10,"href":"https:\/\/kciphilanthropy.com\/fr\/wp-json\/wp\/v2\/pages\/19045\/revisions"}],"predecessor-version":[{"id":64582,"href":"https:\/\/kciphilanthropy.com\/fr\/wp-json\/wp\/v2\/pages\/19045\/revisions\/64582"}],"wp:attachment":[{"href":"https:\/\/kciphilanthropy.com\/fr\/wp-json\/wp\/v2\/media?parent=19045"}],"curies":[{"name":"wp","href":"https:\/\/api.w.org\/{rel}","templated":true}]}}