{"id":742,"date":"2018-10-24T14:01:45","date_gmt":"2018-10-24T18:01:45","guid":{"rendered":"http:\/\/kciphilanthropy.flywheelsites.com\/?page_id=742"},"modified":"2025-07-15T16:44:37","modified_gmt":"2025-07-15T20:44:37","slug":"sylvie-battisti","status":"publish","type":"page","link":"https:\/\/kciphilanthropy.com\/fr\/gens\/sylvie-battisti\/","title":{"rendered":"Sylvie Battisti"},"content":{"rendered":"<p>[et_pb_section fb_built=\u00a0\u00bb1&Prime; fullwidth=\u00a0\u00bbon\u00a0\u00bb module_class=\u00a0\u00bbpeople-header\u00a0\u00bb _builder_version=\u00a0\u00bb4.16&Prime; global_colors_info=\u00a0\u00bb{}\u00a0\u00bb][et_pb_fullwidth_code admin_label=\u00a0\u00bbBack BTN\u00a0\u00bb module_class=\u00a0\u00bbpeople-back\u00a0\u00bb _builder_version=\u00a0\u00bb4.16&Prime; global_colors_info=\u00a0\u00bb{}\u00a0\u00bb]<a href=\"\/fr\/gens\/\">Back<\/a>[\/et_pb_fullwidth_code][et_pb_fullwidth_header title=\u00a0\u00bbSylvie Battisti\u00a0\u00bb _builder_version=\u00a0\u00bb4.27.4&Prime; use_background_color_gradient=\u00a0\u00bbon\u00a0\u00bb background_color_gradient_direction=\u00a0\u00bb122deg\u00a0\u00bb background_color_gradient_stops=\u00a0\u00bb#2ad2c9 50%|rgba(196,196,196,0) 50%\u00a0\u00bb background_color_gradient_overlays_image=\u00a0\u00bbon\u00a0\u00bb background_color_gradient_start=\u00a0\u00bb#2ad2c9&Prime; background_color_gradient_start_position=\u00a0\u00bb50%\u00a0\u00bb background_color_gradient_end=\u00a0\u00bbrgba(196,196,196,0)\u00a0\u00bb background_color_gradient_end_position=\u00a0\u00bb50%\u00a0\u00bb background_image=\u00a0\u00bbhttps:\/\/kciphilanthropy.com\/wp-content\/uploads\/2018\/11\/1380&#215;535-Profile-Hero_Sylvie.jpg\u00a0\u00bb background_size=\u00a0\u00bbinitial\u00a0\u00bb custom_padding=\u00a0\u00bb180px||180px|\u00a0\u00bb hover_enabled=\u00a0\u00bb0&Prime; global_colors_info=\u00a0\u00bb{}\u00a0\u00bb background_color=\u00a0\u00bb#FFFFFF\u00a0\u00bb sticky_enabled=\u00a0\u00bb0&Prime;]<\/p>\n<p>Vice-pr\u00e9sidente principale, Recrutement + Talent<\/p>\n<p>[\/et_pb_fullwidth_header][\/et_pb_section][et_pb_section fb_built=\u00a0\u00bb1&Prime; _builder_version=\u00a0\u00bb4.16&Prime; global_colors_info=\u00a0\u00bb{}\u00a0\u00bb][et_pb_row column_structure=\u00a0\u00bb3_4,1_4&Prime; _builder_version=\u00a0\u00bb4.16&Prime; width=\u00a0\u00bb50%\u00a0\u00bb max_width=\u00a0\u00bb50%\u00a0\u00bb use_custom_width=\u00a0\u00bbon\u00a0\u00bb width_unit=\u00a0\u00bboff\u00a0\u00bb custom_width_percent=\u00a0\u00bb50%\u00a0\u00bb global_colors_info=\u00a0\u00bb{}\u00a0\u00bb][et_pb_column type=\u00a0\u00bb3_4&Prime; _builder_version=\u00a0\u00bb4.16&Prime; custom_padding=\u00a0\u00bb|||\u00a0\u00bb global_colors_info=\u00a0\u00bb{}\u00a0\u00bb custom_padding__hover=\u00a0\u00bb|||\u00a0\u00bb][et_pb_text admin_label=\u00a0\u00bbBio\u00a0\u00bb _builder_version=\u00a0\u00bb4.27.4&Prime; global_colors_info=\u00a0\u00bb{}\u00a0\u00bb]<\/p>\n<p>En tant que vice-pr\u00e9sidente principale bilingue de l\u2019\u00e9quipe de recherche, et forte de ses 25 ans d\u2019exp\u00e9rience dans la collecte de fonds professionnelle, Sylvie Battisti est un atout indispensable pour les clients fran\u00e7ais et anglais de KCI. Sylvie a men\u00e9 des recherches pour des clients tels que l\u2019Universit\u00e9 Western, la Soci\u00e9t\u00e9 canadienne de la SP, Fondation de l\u2019h\u00f4pital g\u00e9n\u00e9ral juif, La Foundation Rossy, la Fondation Rideau Hall, Conseil canadien pour l\u2019avancement de l\u2019\u00e9ducation et la Soci\u00e9t\u00e9 canadienne du sang pour les postes de PDG, vice-pr\u00e9sident et directeur. Sylvie est reconnue par ses clients pour son service \u00e0 la client\u00e8le exceptionnel et son approche hautement strat\u00e9gique dans la recherche de candidats \u00e0 l\u2019\u00e9chelle r\u00e9gionale, nationale et internationale. Avant de se joindre \u00e0 l\u2019\u00e9quipe de recherche, Sylvie a fourni une vaste gamme de conseils strat\u00e9giques \u00e0 nos clients du Qu\u00e9bec dans les secteurs universitaire, de la sant\u00e9, de la communaut\u00e9 et des arts et de la culture.<\/p>\n<p>[\/et_pb_text][et_pb_text admin_label=\u00a0\u00bbCHARITABLE INTERESTS:\u00a0\u00bb _builder_version=\u00a0\u00bb4.27.4&Prime; global_colors_info=\u00a0\u00bb{}\u00a0\u00bb]<\/p>\n<p><strong style=\"letter-spacing: 1px;\">INT\u00c9R\u00caTS CARITATIFS:<\/strong><\/p>\n<p>En tant que b\u00e9n\u00e9vole dans le secteur sans but lucratif, Sylvie a particip\u00e9 \u00e0 de nombreuses conf\u00e9rences r\u00e9gionales et nationales \u00e0 l\u2019AHP, au CCAE, AFP AF\u00c9SAQ, APGP et CASE.<\/p>\n<p>[\/et_pb_text][\/et_pb_column][et_pb_column type=\u00a0\u00bb1_4&Prime; _builder_version=\u00a0\u00bb4.16&Prime; custom_padding=\u00a0\u00bb|||\u00a0\u00bb global_colors_info=\u00a0\u00bb{}\u00a0\u00bb custom_padding__hover=\u00a0\u00bb|||\u00a0\u00bb][et_pb_team_member name=\u00a0\u00bbContact Sylvie\u00a0\u00bb linkedin_url=\u00a0\u00bbhttps:\/\/www.linkedin.com\/in\/sylvie-battisti-90bb1321\/ \u00a0\u00bb _builder_version=\u00a0\u00bb4.16&Prime; db_email_addr=\u00a0\u00bbsbattisti@kcitalent.com\u00a0\u00bb db_link_target=\u00a0\u00bbon\u00a0\u00bb global_colors_info=\u00a0\u00bb{}\u00a0\u00bb]<\/p>\n<p>T\/ 438.820.3496<\/p>\n<p>[\/et_pb_team_member][\/et_pb_column][\/et_pb_row][\/et_pb_section]<\/p>\n","protected":false},"excerpt":{"rendered":"<p>Vice-pr\u00e9sidente principale, Recrutement + TalentEn tant que vice-pr\u00e9sidente principale bilingue de l\u2019\u00e9quipe de recherche, et [&hellip;]<\/p>\n","protected":false},"author":3,"featured_media":1478,"parent":739,"menu_order":3,"comment_status":"closed","ping_status":"closed","template":"","meta":{"_et_pb_use_builder":"on","_et_pb_old_content":"","_et_gb_content_width":"","_relevanssi_hide_post":"","_relevanssi_hide_content":"","_relevanssi_pin_for_all":"","_relevanssi_pin_keywords":"","_relevanssi_unpin_keywords":"","_relevanssi_related_keywords":"","_relevanssi_related_include_ids":"","_relevanssi_related_exclude_ids":"","_relevanssi_related_no_append":"","_relevanssi_related_not_related":"","_relevanssi_related_posts":"","_relevanssi_noindex_reason":"","_exactmetrics_skip_tracking":false,"_exactmetrics_sitenote_active":false,"_exactmetrics_sitenote_note":"","_exactmetrics_sitenote_category":0,"footnotes":""},"class_list":["post-742","page","type-page","status-publish","has-post-thumbnail","hentry"],"yoast_head":"<!-- This site is optimized with the Yoast SEO plugin v27.3 - https:\/\/yoast.com\/product\/yoast-seo-wordpress\/ -->\n<title>Sylvie Battisti \/ KCI Ketchum Canada Forward Thinking<\/title>\n<meta name=\"robots\" content=\"index, follow, max-snippet:-1, max-image-preview:large, max-video-preview:-1\" \/>\n<link rel=\"canonical\" href=\"https:\/\/kciphilanthropy.com\/fr\/gens\/sylvie-battisti\/\" \/>\n<meta property=\"og:locale\" content=\"fr_FR\" \/>\n<meta property=\"og:type\" content=\"article\" \/>\n<meta property=\"og:title\" content=\"Sylvie Battisti \/ KCI Ketchum Canada Forward Thinking\" \/>\n<meta property=\"og:description\" content=\"Vice-pr\u00e9sidente principale, Recrutement + TalentEn tant que vice-pr\u00e9sidente principale bilingue de l\u2019\u00e9quipe de recherche, et [&hellip;]\" \/>\n<meta property=\"og:url\" content=\"https:\/\/kciphilanthropy.com\/fr\/gens\/sylvie-battisti\/\" \/>\n<meta property=\"og:site_name\" content=\"KCI Ketchum Canada Forward Thinking\" \/>\n<meta property=\"article:modified_time\" content=\"2025-07-15T20:44:37+00:00\" \/>\n<meta property=\"og:image\" content=\"https:\/\/kciphilanthropy.com\/wp-content\/uploads\/2018\/11\/230x300-Profile_SylvieBattisti.jpg\" \/>\n\t<meta property=\"og:image:width\" content=\"230\" \/>\n\t<meta property=\"og:image:height\" content=\"300\" \/>\n\t<meta property=\"og:image:type\" content=\"image\/jpeg\" \/>\n<meta name=\"twitter:card\" content=\"summary_large_image\" \/>\n<meta name=\"twitter:site\" content=\"@kciphilanthropy\" \/>\n<script type=\"application\/ld+json\" class=\"yoast-schema-graph\">{\"@context\":\"https:\\\/\\\/schema.org\",\"@graph\":[{\"@type\":\"WebPage\",\"@id\":\"https:\\\/\\\/kciphilanthropy.com\\\/fr\\\/gens\\\/sylvie-battisti\\\/\",\"url\":\"https:\\\/\\\/kciphilanthropy.com\\\/fr\\\/gens\\\/sylvie-battisti\\\/\",\"name\":\"Sylvie Battisti \\\/ KCI Ketchum Canada Forward Thinking\",\"isPartOf\":{\"@id\":\"https:\\\/\\\/kciphilanthropy.com\\\/#website\"},\"primaryImageOfPage\":{\"@id\":\"https:\\\/\\\/kciphilanthropy.com\\\/fr\\\/gens\\\/sylvie-battisti\\\/#primaryimage\"},\"image\":{\"@id\":\"https:\\\/\\\/kciphilanthropy.com\\\/fr\\\/gens\\\/sylvie-battisti\\\/#primaryimage\"},\"thumbnailUrl\":\"https:\\\/\\\/kciphilanthropy.com\\\/wp-content\\\/uploads\\\/2018\\\/11\\\/230x300-Profile_SylvieBattisti.jpg\",\"datePublished\":\"2018-10-24T18:01:45+00:00\",\"dateModified\":\"2025-07-15T20:44:37+00:00\",\"breadcrumb\":{\"@id\":\"https:\\\/\\\/kciphilanthropy.com\\\/fr\\\/gens\\\/sylvie-battisti\\\/#breadcrumb\"},\"inLanguage\":\"fr-FR\",\"potentialAction\":[{\"@type\":\"ReadAction\",\"target\":[\"https:\\\/\\\/kciphilanthropy.com\\\/fr\\\/gens\\\/sylvie-battisti\\\/\"]}]},{\"@type\":\"ImageObject\",\"inLanguage\":\"fr-FR\",\"@id\":\"https:\\\/\\\/kciphilanthropy.com\\\/fr\\\/gens\\\/sylvie-battisti\\\/#primaryimage\",\"url\":\"https:\\\/\\\/kciphilanthropy.com\\\/wp-content\\\/uploads\\\/2018\\\/11\\\/230x300-Profile_SylvieBattisti.jpg\",\"contentUrl\":\"https:\\\/\\\/kciphilanthropy.com\\\/wp-content\\\/uploads\\\/2018\\\/11\\\/230x300-Profile_SylvieBattisti.jpg\",\"width\":230,\"height\":300},{\"@type\":\"BreadcrumbList\",\"@id\":\"https:\\\/\\\/kciphilanthropy.com\\\/fr\\\/gens\\\/sylvie-battisti\\\/#breadcrumb\",\"itemListElement\":[{\"@type\":\"ListItem\",\"position\":1,\"name\":\"Home\",\"item\":\"https:\\\/\\\/kciphilanthropy.com\\\/fr\\\/\"},{\"@type\":\"ListItem\",\"position\":2,\"name\":\"Gens\",\"item\":\"https:\\\/\\\/kciphilanthropy.com\\\/fr\\\/gens\\\/\"},{\"@type\":\"ListItem\",\"position\":3,\"name\":\"Sylvie Battisti\"}]},{\"@type\":\"WebSite\",\"@id\":\"https:\\\/\\\/kciphilanthropy.com\\\/#website\",\"url\":\"https:\\\/\\\/kciphilanthropy.com\\\/\",\"name\":\"KCI Ketchum Canada Forward Thinking\",\"description\":\"What&#039;s Next\",\"publisher\":{\"@id\":\"https:\\\/\\\/kciphilanthropy.com\\\/#organization\"},\"potentialAction\":[{\"@type\":\"SearchAction\",\"target\":{\"@type\":\"EntryPoint\",\"urlTemplate\":\"https:\\\/\\\/kciphilanthropy.com\\\/?s={search_term_string}\"},\"query-input\":{\"@type\":\"PropertyValueSpecification\",\"valueRequired\":true,\"valueName\":\"search_term_string\"}}],\"inLanguage\":\"fr-FR\"},{\"@type\":\"Organization\",\"@id\":\"https:\\\/\\\/kciphilanthropy.com\\\/#organization\",\"name\":\"KCI What\u2019s Next.\",\"url\":\"https:\\\/\\\/kciphilanthropy.com\\\/\",\"logo\":{\"@type\":\"ImageObject\",\"inLanguage\":\"fr-FR\",\"@id\":\"https:\\\/\\\/kciphilanthropy.com\\\/#\\\/schema\\\/logo\\\/image\\\/\",\"url\":\"https:\\\/\\\/kciphilanthropy.com\\\/wp-content\\\/uploads\\\/2018\\\/10\\\/kci_logo.png\",\"contentUrl\":\"https:\\\/\\\/kciphilanthropy.com\\\/wp-content\\\/uploads\\\/2018\\\/10\\\/kci_logo.png\",\"width\":227,\"height\":41,\"caption\":\"KCI What\u2019s Next.\"},\"image\":{\"@id\":\"https:\\\/\\\/kciphilanthropy.com\\\/#\\\/schema\\\/logo\\\/image\\\/\"},\"sameAs\":[\"https:\\\/\\\/x.com\\\/kciphilanthropy\",\"https:\\\/\\\/www.linkedin.com\\\/company\\\/kci-ketchum-canada\\\/\"]}]}<\/script>\n<!-- \/ Yoast SEO plugin. -->","yoast_head_json":{"title":"Sylvie Battisti \/ KCI Ketchum Canada Forward Thinking","robots":{"index":"index","follow":"follow","max-snippet":"max-snippet:-1","max-image-preview":"max-image-preview:large","max-video-preview":"max-video-preview:-1"},"canonical":"https:\/\/kciphilanthropy.com\/fr\/gens\/sylvie-battisti\/","og_locale":"fr_FR","og_type":"article","og_title":"Sylvie Battisti \/ KCI Ketchum Canada Forward Thinking","og_description":"Vice-pr\u00e9sidente principale, Recrutement + TalentEn tant que vice-pr\u00e9sidente principale bilingue de l\u2019\u00e9quipe de recherche, et [&hellip;]","og_url":"https:\/\/kciphilanthropy.com\/fr\/gens\/sylvie-battisti\/","og_site_name":"KCI Ketchum Canada Forward Thinking","article_modified_time":"2025-07-15T20:44:37+00:00","og_image":[{"width":230,"height":300,"url":"https:\/\/kciphilanthropy.com\/wp-content\/uploads\/2018\/11\/230x300-Profile_SylvieBattisti.jpg","type":"image\/jpeg"}],"twitter_card":"summary_large_image","twitter_site":"@kciphilanthropy","schema":{"@context":"https:\/\/schema.org","@graph":[{"@type":"WebPage","@id":"https:\/\/kciphilanthropy.com\/fr\/gens\/sylvie-battisti\/","url":"https:\/\/kciphilanthropy.com\/fr\/gens\/sylvie-battisti\/","name":"Sylvie Battisti \/ KCI Ketchum Canada Forward Thinking","isPartOf":{"@id":"https:\/\/kciphilanthropy.com\/#website"},"primaryImageOfPage":{"@id":"https:\/\/kciphilanthropy.com\/fr\/gens\/sylvie-battisti\/#primaryimage"},"image":{"@id":"https:\/\/kciphilanthropy.com\/fr\/gens\/sylvie-battisti\/#primaryimage"},"thumbnailUrl":"https:\/\/kciphilanthropy.com\/wp-content\/uploads\/2018\/11\/230x300-Profile_SylvieBattisti.jpg","datePublished":"2018-10-24T18:01:45+00:00","dateModified":"2025-07-15T20:44:37+00:00","breadcrumb":{"@id":"https:\/\/kciphilanthropy.com\/fr\/gens\/sylvie-battisti\/#breadcrumb"},"inLanguage":"fr-FR","potentialAction":[{"@type":"ReadAction","target":["https:\/\/kciphilanthropy.com\/fr\/gens\/sylvie-battisti\/"]}]},{"@type":"ImageObject","inLanguage":"fr-FR","@id":"https:\/\/kciphilanthropy.com\/fr\/gens\/sylvie-battisti\/#primaryimage","url":"https:\/\/kciphilanthropy.com\/wp-content\/uploads\/2018\/11\/230x300-Profile_SylvieBattisti.jpg","contentUrl":"https:\/\/kciphilanthropy.com\/wp-content\/uploads\/2018\/11\/230x300-Profile_SylvieBattisti.jpg","width":230,"height":300},{"@type":"BreadcrumbList","@id":"https:\/\/kciphilanthropy.com\/fr\/gens\/sylvie-battisti\/#breadcrumb","itemListElement":[{"@type":"ListItem","position":1,"name":"Home","item":"https:\/\/kciphilanthropy.com\/fr\/"},{"@type":"ListItem","position":2,"name":"Gens","item":"https:\/\/kciphilanthropy.com\/fr\/gens\/"},{"@type":"ListItem","position":3,"name":"Sylvie Battisti"}]},{"@type":"WebSite","@id":"https:\/\/kciphilanthropy.com\/#website","url":"https:\/\/kciphilanthropy.com\/","name":"KCI Ketchum Canada Forward Thinking","description":"What&#039;s Next","publisher":{"@id":"https:\/\/kciphilanthropy.com\/#organization"},"potentialAction":[{"@type":"SearchAction","target":{"@type":"EntryPoint","urlTemplate":"https:\/\/kciphilanthropy.com\/?s={search_term_string}"},"query-input":{"@type":"PropertyValueSpecification","valueRequired":true,"valueName":"search_term_string"}}],"inLanguage":"fr-FR"},{"@type":"Organization","@id":"https:\/\/kciphilanthropy.com\/#organization","name":"KCI What\u2019s Next.","url":"https:\/\/kciphilanthropy.com\/","logo":{"@type":"ImageObject","inLanguage":"fr-FR","@id":"https:\/\/kciphilanthropy.com\/#\/schema\/logo\/image\/","url":"https:\/\/kciphilanthropy.com\/wp-content\/uploads\/2018\/10\/kci_logo.png","contentUrl":"https:\/\/kciphilanthropy.com\/wp-content\/uploads\/2018\/10\/kci_logo.png","width":227,"height":41,"caption":"KCI What\u2019s Next."},"image":{"@id":"https:\/\/kciphilanthropy.com\/#\/schema\/logo\/image\/"},"sameAs":["https:\/\/x.com\/kciphilanthropy","https:\/\/www.linkedin.com\/company\/kci-ketchum-canada\/"]}]}},"_links":{"self":[{"href":"https:\/\/kciphilanthropy.com\/fr\/wp-json\/wp\/v2\/pages\/742","targetHints":{"allow":["GET"]}}],"collection":[{"href":"https:\/\/kciphilanthropy.com\/fr\/wp-json\/wp\/v2\/pages"}],"about":[{"href":"https:\/\/kciphilanthropy.com\/fr\/wp-json\/wp\/v2\/types\/page"}],"author":[{"embeddable":true,"href":"https:\/\/kciphilanthropy.com\/fr\/wp-json\/wp\/v2\/users\/3"}],"replies":[{"embeddable":true,"href":"https:\/\/kciphilanthropy.com\/fr\/wp-json\/wp\/v2\/comments?post=742"}],"version-history":[{"count":11,"href":"https:\/\/kciphilanthropy.com\/fr\/wp-json\/wp\/v2\/pages\/742\/revisions"}],"predecessor-version":[{"id":68052,"href":"https:\/\/kciphilanthropy.com\/fr\/wp-json\/wp\/v2\/pages\/742\/revisions\/68052"}],"up":[{"embeddable":true,"href":"https:\/\/kciphilanthropy.com\/fr\/wp-json\/wp\/v2\/pages\/739"}],"wp:featuredmedia":[{"embeddable":true,"href":"https:\/\/kciphilanthropy.com\/fr\/wp-json\/wp\/v2\/media\/1478"}],"wp:attachment":[{"href":"https:\/\/kciphilanthropy.com\/fr\/wp-json\/wp\/v2\/media?parent=742"}],"curies":[{"name":"wp","href":"https:\/\/api.w.org\/{rel}","templated":true}]}}